{"id":181,"date":"2015-10-08T15:06:03","date_gmt":"2015-10-08T15:06:03","guid":{"rendered":"http:\/\/www.acasadelcura.com\/?page_id=181"},"modified":"2016-04-05T15:08:46","modified_gmt":"2016-04-05T15:08:46","slug":"enchidos","status":"publish","type":"page","link":"https:\/\/www.acasadelcura.com\/es\/enchidos\/","title":{"rendered":"Embutidos"},"content":{"rendered":"<div class=\"conteudo_tabela\">\nLos embutidos de la regi\u00f3n, son parte de un conocimiento ancestral de las mujeres Transmontanas incomparables en la maestr\u00eda y cuidado. Lo hemos tra\u00eddo asta neutros dias.<br \/>\n<\/DIV>","protected":false},"excerpt":{"rendered":"<p>Los embutidos de la regi\u00f3n, son parte de un conocimiento ancestral de las mujeres Transmontanas incomparables en la maestr\u00eda y cuidado. Lo hemos tra\u00eddo asta neutros dias.<\/p>\n","protected":false},"author":1,"featured_media":0,"parent":0,"menu_order":0,"comment_status":"closed","ping_status":"closed","template":"enchidos.php","meta":{"footnotes":""},"class_list":["post-181","page","type-page","status-publish","hentry"],"_links":{"self":[{"href":"https:\/\/www.acasadelcura.com\/es\/wp-json\/wp\/v2\/pages\/181","targetHints":{"allow":["GET"]}}],"collection":[{"href":"https:\/\/www.acasadelcura.com\/es\/wp-json\/wp\/v2\/pages"}],"about":[{"href":"https:\/\/www.acasadelcura.com\/es\/wp-json\/wp\/v2\/types\/page"}],"author":[{"embeddable":true,"href":"https:\/\/www.acasadelcura.com\/es\/wp-json\/wp\/v2\/users\/1"}],"replies":[{"embeddable":true,"href":"https:\/\/www.acasadelcura.com\/es\/wp-json\/wp\/v2\/comments?post=181"}],"version-history":[{"count":5,"href":"https:\/\/www.acasadelcura.com\/es\/wp-json\/wp\/v2\/pages\/181\/revisions"}],"predecessor-version":[{"id":377,"href":"https:\/\/www.acasadelcura.com\/es\/wp-json\/wp\/v2\/pages\/181\/revisions\/377"}],"wp:attachment":[{"href":"https:\/\/www.acasadelcura.com\/es\/wp-json\/wp\/v2\/media?parent=181"}],"curies":[{"name":"wp","href":"https:\/\/api.w.org\/{rel}","templated":true}]}}