{"id":187,"date":"2015-10-08T17:14:24","date_gmt":"2015-10-08T17:14:24","guid":{"rendered":"http:\/\/www.acasadelcura.com\/?page_id=187"},"modified":"2016-04-05T15:12:27","modified_gmt":"2016-04-05T15:12:27","slug":"descoberta","status":"publish","type":"page","link":"https:\/\/www.acasadelcura.com\/es\/descoberta\/","title":{"rendered":"Descubrimiento"},"content":{"rendered":"<div class=\"conteudo_tabela\">En el norte de la zona rural se encuentra la bella ciudad de Miranda do Douro, la ciudad llevada a  la categor\u00eda de sede episcopal en el a\u00f1o 1545. Una de sus leyendas m\u00e1s famosas es protagonista el ni\u00f1o Jes\u00fas de la Cartolinha que se representa en el altar de la imponente Catedral de esta ciudad.<\/div>\n<div class=\"conteudo_tabela\">El r\u00edo Duero, con sus 928 km de longitud, es una de las mayores cuencas hidrogr\u00e1ficas en Europa Occidental. El relieve de esta zona se caracteriza por la participaci\u00f3n de su red fluvial, donde los valles forman fuertes pendientes y acantilados de hasta 400 m de altura, produciendo un paisaje impresionante. Aqu\u00ed la naturaleza abunda en belleza natural y la biodiversidad.<\/div>","protected":false},"excerpt":{"rendered":"<p>En el norte de la zona rural se encuentra la bella ciudad de Miranda do Douro, la ciudad llevada a la categor\u00eda de sede episcopal en el a\u00f1o 1545. Una de sus leyendas m\u00e1s famosas es protagonista el ni\u00f1o Jes\u00fas de la Cartolinha que se representa en el altar de la imponente Catedral de esta [&hellip;]<\/p>\n","protected":false},"author":1,"featured_media":0,"parent":0,"menu_order":0,"comment_status":"closed","ping_status":"closed","template":"descoberta.php","meta":{"footnotes":""},"class_list":["post-187","page","type-page","status-publish","hentry"],"_links":{"self":[{"href":"https:\/\/www.acasadelcura.com\/es\/wp-json\/wp\/v2\/pages\/187","targetHints":{"allow":["GET"]}}],"collection":[{"href":"https:\/\/www.acasadelcura.com\/es\/wp-json\/wp\/v2\/pages"}],"about":[{"href":"https:\/\/www.acasadelcura.com\/es\/wp-json\/wp\/v2\/types\/page"}],"author":[{"embeddable":true,"href":"https:\/\/www.acasadelcura.com\/es\/wp-json\/wp\/v2\/users\/1"}],"replies":[{"embeddable":true,"href":"https:\/\/www.acasadelcura.com\/es\/wp-json\/wp\/v2\/comments?post=187"}],"version-history":[{"count":6,"href":"https:\/\/www.acasadelcura.com\/es\/wp-json\/wp\/v2\/pages\/187\/revisions"}],"predecessor-version":[{"id":380,"href":"https:\/\/www.acasadelcura.com\/es\/wp-json\/wp\/v2\/pages\/187\/revisions\/380"}],"wp:attachment":[{"href":"https:\/\/www.acasadelcura.com\/es\/wp-json\/wp\/v2\/media?parent=187"}],"curies":[{"name":"wp","href":"https:\/\/api.w.org\/{rel}","templated":true}]}}